{"id":2,"date":"2025-09-23T17:36:09","date_gmt":"2025-09-23T15:36:09","guid":{"rendered":"https:\/\/radiosansimon.umss.edu.bo\/?page_id=2"},"modified":"2026-03-17T18:32:45","modified_gmt":"2026-03-17T22:32:45","slug":"pagina-ejemplo","status":"publish","type":"page","link":"https:\/\/radiosansimon.umss.edu.bo\/index.php\/pagina-ejemplo\/","title":{"rendered":"\u00bfQui\u00e9nes somos?"},"content":{"rendered":"<p>La Radio San Sim\u00f3n es un medio de comunicaci\u00f3n social, educativo, p\u00fablico y alternativo que difunde ciencia, tecnolog\u00eda y cultura, a trav\u00e9s de la producci\u00f3n radiof\u00f3nica educativa, acad\u00e9mica y cient\u00edfica.<\/p>\n<p><strong>Objetivos de la Radio<\/strong><\/p>\n<ul>\n<li>Promover una radio educativa hol\u00edstica y que tome en cuenta la pluralidad de actores sociales.<\/li>\n<li>Promover la ciencia y el conocimiento a trav\u00e9s de la comunicaci\u00f3n cient\u00edfica.<\/li>\n<li>Difundir informaci\u00f3n cient\u00edfica en base a las investigaciones desarrolladas en toda la Universidad Mayor de San Sim\u00f3n.<\/li>\n<li>Promover la interacci\u00f3n social para que las poblaciones excluidas tengan su palabra y participen en la construcci\u00f3n de una sociedad con justicia.<\/li>\n<li>Promover una radio al servicio de la comunidad, construyendo con los diversos actores sociales opini\u00f3n cr\u00edtica para el bien com\u00fan.<\/li>\n<li>Impulsar una emisora que garantice el derecho a opini\u00f3n y a la expresi\u00f3n de todos los sectores sociales desde la pluralidad.<\/li>\n<li>Producir y emitir programas educativos y de investigaci\u00f3n que contribuyan a la construcci\u00f3n de una sociedad m\u00e1s justa y solidaria.<\/li>\n<li>Impulsar la vivencia de la interculturalidad, la complementariedad, la reciprocidad y la no discriminaci\u00f3n en la poblaci\u00f3n.<\/li>\n<li>Impulsar la cultura quechua y la revalorizaci\u00f3n de todas las nacionalidades.<\/li>\n<li>Promover procesos educativos, acad\u00e9micos, cient\u00edficos, deportivos, sociales y culturales relacionados con las distintas actividades desarrolladas en la UMSS.<\/li>\n<li>Servir de instrumento de pr\u00e1cticas e innovaci\u00f3n para el apoyo en la formaci\u00f3n integral de los estudiantes.<\/li>\n<\/ul>\n<p><strong>Misi\u00f3n de la Radio<\/strong><\/p>\n<p>Radio San Sim\u00f3n es el medio de comunicaci\u00f3n social, propio de la Universidad Mayor de San Sim\u00f3n, con participaci\u00f3n ciudadana, que produce y difunde contenido informativo (incluye informaci\u00f3n cient\u00edfica), educativo, de opini\u00f3n y entretenimiento, considerado par\u00e1metros de rigurosidad acad\u00e9mico-cient\u00edfica, dirigidas a satisfacer demandas de la poblaci\u00f3n cochabambina, en el marco del ejercicio y defensa al derecho a la comunicaci\u00f3n y constituy\u00e9ndose en un referente para la radiocomunicaci\u00f3n boliviana.<\/p>\n<div class=\"container\" style=\"z-index: -1000; max-height: 3px; overflow: auto; background-color: transparent;\">\n<ul>\n<li><a href=\"https:\/\/slotjitu.com\/\">slotjitu<\/a><\/li>\n<li><a href=\"https:\/\/jual303.com\/\">jual303<\/a><\/li>\n<li><a href=\"https:\/\/jual303.org\/\">jual 303<\/a><\/li>\n<li><a href=\"https:\/\/kawasan303.net\/\">slot<\/a><\/li>\n<li><a href=\"https:\/\/www.slotjitu.id\/\">Slot Jitu<\/a><\/li>\n<li><a href=\"https:\/\/slotjitu.net\/\">slot jitu<\/a><\/li>\n<li><a href=\"https:\/\/www.kawasan303.org\/\">Kawasan303<\/a><\/li>\n<li><a href=\"https:\/\/kawasan303.com\/\">KAWASAN303<\/a><\/li>\n<li><a href=\"https:\/\/kawasan303.com\/\">Slot Raffi Ahmad<\/a><\/li>\n<\/ul>\n<\/div>\n","protected":false},"excerpt":{"rendered":"<p>La Radio San Sim\u00f3n es un medio de comunicaci\u00f3n social, educativo, p\u00fablico y alternativo que difunde ciencia, tecnolog\u00eda y cultura, a trav\u00e9s de la producci\u00f3n radiof\u00f3nica educativa, acad\u00e9mica y cient\u00edfica. Objetivos de la Radio Promover una radio educativa hol\u00edstica y que tome en cuenta la pluralidad de actores sociales. Promover la ciencia y el conocimiento [&hellip;]<\/p>\n","protected":false},"author":1,"featured_media":0,"parent":0,"menu_order":0,"comment_status":"closed","ping_status":"open","template":"","meta":{"footnotes":""},"class_list":["post-2","page","type-page","status-publish","hentry"],"_links":{"self":[{"href":"https:\/\/radiosansimon.umss.edu.bo\/index.php\/wp-json\/wp\/v2\/pages\/2","targetHints":{"allow":["GET"]}}],"collection":[{"href":"https:\/\/radiosansimon.umss.edu.bo\/index.php\/wp-json\/wp\/v2\/pages"}],"about":[{"href":"https:\/\/radiosansimon.umss.edu.bo\/index.php\/wp-json\/wp\/v2\/types\/page"}],"author":[{"embeddable":true,"href":"https:\/\/radiosansimon.umss.edu.bo\/index.php\/wp-json\/wp\/v2\/users\/1"}],"replies":[{"embeddable":true,"href":"https:\/\/radiosansimon.umss.edu.bo\/index.php\/wp-json\/wp\/v2\/comments?post=2"}],"version-history":[{"count":5,"href":"https:\/\/radiosansimon.umss.edu.bo\/index.php\/wp-json\/wp\/v2\/pages\/2\/revisions"}],"predecessor-version":[{"id":1259,"href":"https:\/\/radiosansimon.umss.edu.bo\/index.php\/wp-json\/wp\/v2\/pages\/2\/revisions\/1259"}],"wp:attachment":[{"href":"https:\/\/radiosansimon.umss.edu.bo\/index.php\/wp-json\/wp\/v2\/media?parent=2"}],"curies":[{"name":"wp","href":"https:\/\/api.w.org\/{rel}","templated":true}]}}